{"id":4492,"date":"2024-08-21T11:12:13","date_gmt":"2024-08-21T11:12:13","guid":{"rendered":"https:\/\/izoisipol.com\/?page_id=4492"},"modified":"2025-10-31T17:35:34","modified_gmt":"2025-10-31T17:35:34","slug":"zemin-yalitimi","status":"publish","type":"page","link":"https:\/\/isibor.tr\/index.php\/zemin-yalitimi\/","title":{"rendered":"ZEM\u0130N YALITIMI"},"content":{"rendered":"\t\t<div data-elementor-type=\"wp-page\" data-elementor-id=\"4492\" class=\"elementor elementor-4492\" data-elementor-post-type=\"page\">\n\t\t\t\t<div class=\"elementor-element elementor-element-6e159fc5 e-con-full e-flex e-con e-parent\" data-id=\"6e159fc5\" data-element_type=\"container\" data-settings=\"{&quot;background_background&quot;:&quot;classic&quot;}\">\r\n\t\t<div class=\"elementor-element elementor-element-7a7185e0 e-con-full e-flex e-con e-child\" data-id=\"7a7185e0\" data-element_type=\"container\">\r\n\t\t\t\t<div class=\"elementor-element elementor-element-68621f8b elementor-widget elementor-widget-heading\" data-id=\"68621f8b\" data-element_type=\"widget\" data-widget_type=\"heading.default\">\n\t\t\t\t<div class=\"elementor-widget-container\">\n\t\t\t\t\t<h1 class=\"elementor-heading-title elementor-size-default\">ZEM\u0130N YALITIMI<\/h1>\t\t\t\t<\/div>\n\t\t\t\t<\/div>\n\t\t\t\t<\/div>\n\t\t\t\t<\/div>\n\t\t<div class=\"elementor-element elementor-element-7ea1b70 e-con-full e-flex e-con e-parent\" data-id=\"7ea1b70\" data-element_type=\"container\" data-settings=\"{&quot;background_background&quot;:&quot;classic&quot;}\">\r\n\t\t<div class=\"elementor-element elementor-element-11308020 e-con-full e-flex e-con e-child\" data-id=\"11308020\" data-element_type=\"container\">\r\n\t\t\t\t<div class=\"elementor-element elementor-element-68c23f54 elementor-widget elementor-widget-text-editor\" data-id=\"68c23f54\" data-element_type=\"widget\" data-widget_type=\"text-editor.default\">\n\t\t\t\t<div class=\"elementor-widget-container\">\n\t\t\t\t\t\t\t\t\t<p data-start=\"250\" data-end=\"807\"><strong data-start=\"250\" data-end=\"267\">Is\u0131bor olarak<\/strong>, zemin yal\u0131t\u0131m\u0131nda yenilik\u00e7i ve y\u00fcksek performansl\u0131 \u00e7\u00f6z\u00fcmler sunuyoruz. Geli\u015fmi\u015f bor teknolojisiyle \u00fcretilen Is\u0131bor, i\u00e7 ve d\u0131\u015f duvarlarda etkili bir \u0131s\u0131 yal\u0131t\u0131m\u0131 sa\u011flayarak enerji verimlili\u011fini maksimuma \u00e7\u0131kar\u0131r. Betonarme, tu\u011fla veya panel duvar fark etmeksizin, t\u00fcm yap\u0131 tiplerine uygun \u00e7\u00f6z\u00fcmlerimizle hem konut hem de ticari binalarda konforlu ya\u015fam alanlar\u0131 olu\u015fturuyoruz. Uzman teknik ekibimiz, sahada yapt\u0131\u011f\u0131 detayl\u0131 ke\u015fiflerle her projeye \u00f6zel en uygun uygulama y\u00f6ntemini belirler ve en y\u00fcksek kalite standartlar\u0131nda hizmet verir.<\/p><p data-start=\"809\" data-end=\"1325\"><strong data-start=\"809\" data-end=\"834\">Is\u0131bor duvar yal\u0131t\u0131m\u0131<\/strong>, \u0131s\u0131 kay\u0131plar\u0131n\u0131 en aza indirerek binalarda enerji t\u00fcketimini \u00f6nemli \u00f6l\u00e7\u00fcde azalt\u0131r. Bor mineraliyle g\u00fc\u00e7lendirilmi\u015f yap\u0131s\u0131, \u0131s\u0131 iletimini d\u00fc\u015f\u00fcr\u00fcr ve mevsim fark etmeksizin i\u00e7 mekan s\u0131cakl\u0131\u011f\u0131n\u0131 dengede tutar. K\u0131\u015f aylar\u0131nda \u0131s\u0131n\u0131n d\u0131\u015far\u0131 ka\u00e7mas\u0131n\u0131 engellerken, yaz\u0131n d\u0131\u015far\u0131dan gelen s\u0131cak havay\u0131 i\u00e7eriye almaz. B\u00f6ylece y\u0131l boyunca konforlu bir i\u00e7 ortam sa\u011flan\u0131r, \u0131s\u0131tma ve so\u011futma maliyetleri d\u00fc\u015fer. Enerji tasarrufu sa\u011flayan bu sistem, \u00e7evre dostu yap\u0131s\u0131yla s\u00fcrd\u00fcr\u00fclebilir bir \u00e7\u00f6z\u00fcm sunar.<\/p>\t\t\t\t\t\t\t\t<\/div>\n\t\t\t\t<\/div>\n\t\t\t\t<\/div>\n\t\t<div class=\"elementor-element elementor-element-3f0c2eb4 e-con-full e-flex e-con e-child\" data-id=\"3f0c2eb4\" data-element_type=\"container\">\r\n\t\t\t\t<div class=\"elementor-element elementor-element-7b2cb8e1 elementor-widget elementor-widget-image\" data-id=\"7b2cb8e1\" data-element_type=\"widget\" data-widget_type=\"image.default\">\n\t\t\t\t<div class=\"elementor-widget-container\">\n\t\t\t\t\t\t\t\t\t\t\t\t\t\t\t<img fetchpriority=\"high\" decoding=\"async\" width=\"600\" height=\"600\" src=\"https:\/\/isibor.tr\/wp-content\/uploads\/2025\/10\/36226763_1847915961941946_8415200594955862016_n-1.jpg\" class=\"attachment-large size-large wp-image-5042\" alt=\"\" srcset=\"https:\/\/isibor.tr\/wp-content\/uploads\/2025\/10\/36226763_1847915961941946_8415200594955862016_n-1.jpg 600w, https:\/\/isibor.tr\/wp-content\/uploads\/2025\/10\/36226763_1847915961941946_8415200594955862016_n-1-400x400.jpg 400w, https:\/\/isibor.tr\/wp-content\/uploads\/2025\/10\/36226763_1847915961941946_8415200594955862016_n-1-560x560.jpg 560w, https:\/\/isibor.tr\/wp-content\/uploads\/2025\/10\/36226763_1847915961941946_8415200594955862016_n-1-367x367.jpg 367w\" sizes=\"(max-width: 600px) 100vw, 600px\" \/>\t\t\t\t\t\t\t\t\t\t\t\t\t\t\t<\/div>\n\t\t\t\t<\/div>\n\t\t\t\t<\/div>\n\t\t\t\t<\/div>\n\t\t<div class=\"elementor-element elementor-element-2a7140db e-con-full e-flex e-con e-parent\" data-id=\"2a7140db\" data-element_type=\"container\" data-settings=\"{&quot;background_background&quot;:&quot;classic&quot;}\">\r\n\t\t<div class=\"elementor-element elementor-element-7509bd19 e-con-full e-flex e-con e-child\" data-id=\"7509bd19\" data-element_type=\"container\">\r\n\t\t\t\t<div class=\"elementor-element elementor-element-1eae6165 elementor-widget elementor-widget-text-editor\" data-id=\"1eae6165\" data-element_type=\"widget\" data-widget_type=\"text-editor.default\">\n\t\t\t\t<div class=\"elementor-widget-container\">\n\t\t\t\t\t\t\t\t\t<p data-start=\"1327\" data-end=\"1780\"><strong data-start=\"1327\" data-end=\"1337\">Is\u0131bor<\/strong>, zeminlerde yaln\u0131zca \u0131s\u0131 yal\u0131t\u0131m\u0131 de\u011fil, ayn\u0131 zamanda nem ve k\u00fcf olu\u015fumuna kar\u015f\u0131 da etkili bir koruma sa\u011flar. Bor bile\u015fenlerinin do\u011fal \u00f6zellikleri sayesinde malzeme, su buhar\u0131na ve rutubete kar\u015f\u0131 dayan\u0131kl\u0131d\u0131r. Bu sayede duvarlarda zamanla meydana gelebilecek nem lekeleri, boya kabarmalar\u0131 veya mantar olu\u015fumu engellenir. Ayn\u0131 zamanda ses yal\u0131t\u0131m\u0131 \u00f6zelli\u011fiyle d\u0131\u015f ortam g\u00fcr\u00fclt\u00fcs\u00fcn\u00fc azaltarak daha sessiz ve huzurlu ya\u015fam alanlar\u0131 olu\u015fturur.<\/p><p data-start=\"1782\" data-end=\"2174\"><strong data-start=\"1782\" data-end=\"1807\">Is\u0131bor zemin yal\u0131t\u0131m\u0131<\/strong>, uzun \u00f6m\u00fcrl\u00fc performans\u0131, yang\u0131na dayan\u0131kl\u0131 yap\u0131s\u0131 ve \u00e7evre dostu \u00fcretim s\u00fcreciyle modern yap\u0131lar\u0131n vazge\u00e7ilmez bir par\u00e7as\u0131d\u0131r. Her t\u00fcrl\u00fc iklim ko\u015fuluna uygun dayan\u0131kl\u0131l\u0131\u011f\u0131 sayesinde binalar\u0131n\u0131z\u0131 d\u00f6rt mevsim koruma alt\u0131na al\u0131r. Biz, Is\u0131bor olarak sadece duvarlar\u0131n\u0131z\u0131 de\u011fil, konforunuzu da yal\u0131t\u0131yoruz; \u00e7\u00fcnk\u00fc g\u00fc\u00e7l\u00fc bir yal\u0131t\u0131m, sa\u011flam bir ya\u015fam alan\u0131n\u0131n temelidir.<\/p>\t\t\t\t\t\t\t\t<\/div>\n\t\t\t\t<\/div>\n\t\t\t\t<\/div>\n\t\t<div class=\"elementor-element elementor-element-1819c258 e-con-full e-flex e-con e-child\" data-id=\"1819c258\" data-element_type=\"container\">\r\n\t\t\t\t<div class=\"elementor-element elementor-element-737c840d elementor-widget elementor-widget-image\" data-id=\"737c840d\" data-element_type=\"widget\" data-widget_type=\"image.default\">\n\t\t\t\t<div class=\"elementor-widget-container\">\n\t\t\t\t\t\t\t\t\t\t\t\t\t\t\t<img decoding=\"async\" width=\"600\" height=\"600\" src=\"https:\/\/isibor.tr\/wp-content\/uploads\/2025\/10\/122921439_772392646674303_2485757903093134198_n.jpg\" class=\"attachment-large size-large wp-image-5043\" alt=\"\" srcset=\"https:\/\/isibor.tr\/wp-content\/uploads\/2025\/10\/122921439_772392646674303_2485757903093134198_n.jpg 600w, https:\/\/isibor.tr\/wp-content\/uploads\/2025\/10\/122921439_772392646674303_2485757903093134198_n-400x400.jpg 400w, https:\/\/isibor.tr\/wp-content\/uploads\/2025\/10\/122921439_772392646674303_2485757903093134198_n-560x560.jpg 560w, https:\/\/isibor.tr\/wp-content\/uploads\/2025\/10\/122921439_772392646674303_2485757903093134198_n-367x367.jpg 367w\" sizes=\"(max-width: 600px) 100vw, 600px\" \/>\t\t\t\t\t\t\t\t\t\t\t\t\t\t\t<\/div>\n\t\t\t\t<\/div>\n\t\t\t\t<\/div>\n\t\t\t\t<\/div>\n\t\t\t\t<\/div>\n\t\t","protected":false},"excerpt":{"rendered":"<p>ZEM\u0130N YALITIMI Is\u0131bor olarak, zemin yal\u0131t\u0131m\u0131nda yenilik\u00e7i ve y\u00fcksek performansl\u0131 \u00e7\u00f6z\u00fcmler sunuyoruz. Geli\u015fmi\u015f bor teknolojisiyle \u00fcretilen Is\u0131bor, i\u00e7 ve d\u0131\u015f duvarlarda etkili bir \u0131s\u0131 yal\u0131t\u0131m\u0131 sa\u011flayarak enerji verimlili\u011fini maksimuma \u00e7\u0131kar\u0131r. Betonarme, tu\u011fla veya panel duvar fark etmeksizin, t\u00fcm yap\u0131 tiplerine uygun \u00e7\u00f6z\u00fcmlerimizle hem konut hem de ticari binalarda konforlu ya\u015fam alanlar\u0131 olu\u015fturuyoruz. Uzman teknik ekibimiz, [&hellip;]<\/p>\n","protected":false},"author":1,"featured_media":0,"parent":0,"menu_order":0,"comment_status":"closed","ping_status":"closed","template":"","meta":{"_monsterinsights_skip_tracking":false,"_monsterinsights_sitenote_active":false,"_monsterinsights_sitenote_note":"","_monsterinsights_sitenote_category":0,"footnotes":""},"class_list":["post-4492","page","type-page","status-publish","hentry"],"_links":{"self":[{"href":"https:\/\/isibor.tr\/index.php\/wp-json\/wp\/v2\/pages\/4492","targetHints":{"allow":["GET"]}}],"collection":[{"href":"https:\/\/isibor.tr\/index.php\/wp-json\/wp\/v2\/pages"}],"about":[{"href":"https:\/\/isibor.tr\/index.php\/wp-json\/wp\/v2\/types\/page"}],"author":[{"embeddable":true,"href":"https:\/\/isibor.tr\/index.php\/wp-json\/wp\/v2\/users\/1"}],"replies":[{"embeddable":true,"href":"https:\/\/isibor.tr\/index.php\/wp-json\/wp\/v2\/comments?post=4492"}],"version-history":[{"count":27,"href":"https:\/\/isibor.tr\/index.php\/wp-json\/wp\/v2\/pages\/4492\/revisions"}],"predecessor-version":[{"id":5049,"href":"https:\/\/isibor.tr\/index.php\/wp-json\/wp\/v2\/pages\/4492\/revisions\/5049"}],"wp:attachment":[{"href":"https:\/\/isibor.tr\/index.php\/wp-json\/wp\/v2\/media?parent=4492"}],"curies":[{"name":"wp","href":"https:\/\/api.w.org\/{rel}","templated":true}]}}