{"id":24,"date":"2020-12-25T14:59:58","date_gmt":"2020-12-25T14:59:58","guid":{"rendered":"http:\/\/sw-themes.com\/porto_dummy\/?page_id=24"},"modified":"2025-09-09T21:35:41","modified_gmt":"2025-09-09T21:35:41","slug":"teklif-al","status":"publish","type":"page","link":"https:\/\/isibor.tr\/index.php\/teklif-al\/","title":{"rendered":"Teklif Al"},"content":{"rendered":"\t\t<div data-elementor-type=\"wp-page\" data-elementor-id=\"24\" class=\"elementor elementor-24\" data-elementor-post-type=\"page\">\n\t\t\t\t\t\t<section class=\"elementor-section elementor-top-section elementor-element elementor-element-31845a15 elementor-section-boxed elementor-section-height-default elementor-section-height-default\" data-id=\"31845a15\" data-element_type=\"section\">\r\n\t\t\r\n\t\t\t\t\t\t\t<div class=\"elementor-container elementor-column-gap-no\">\r\n\t\t\t\t\t\t\t\t\t\t\t<div class=\"elementor-column elementor-col-100 elementor-top-column elementor-element elementor-element-e3b35ce\" data-id=\"e3b35ce\" data-element_type=\"column\">\r\n\t\t\t\t\t<div class=\"elementor-widget-wrap elementor-element-populated\">\r\n\t\t\t\t\t\t\t\t<div class=\"elementor-element elementor-element-8ae480b m-b-md mt-4 pt-2 elementor-widget elementor-widget-heading\" data-id=\"8ae480b\" data-element_type=\"widget\" data-widget_type=\"heading.default\">\n\t\t\t\t<div class=\"elementor-widget-container\">\n\t\t\t\t\t<p class=\"elementor-heading-title elementor-size-default\"><h2><strong>Is\u0131bor Yal\u0131t\u0131m Uygulaman\u0131z i\u00e7in Hemen Teklif Al\u0131n!<\/strong><\/h2><\/p>\t\t\t\t<\/div>\n\t\t\t\t<\/div>\n\t\t\t\t<div class=\"elementor-element elementor-element-e33e837  pb-3 m-b-md elementor-widget elementor-widget-heading\" data-id=\"e33e837\" data-element_type=\"widget\" data-widget_type=\"heading.default\">\n\t\t\t\t<div class=\"elementor-widget-container\">\n\t\t\t\t\t<p class=\"elementor-heading-title elementor-size-default\">Enerji maliyetlerinizi d\u00fc\u015f\u00fcrmek, ya\u015fam alanlar\u0131n\u0131z\u0131 daha konforlu hale getirmek ve uzun \u00f6m\u00fcrl\u00fc bir yal\u0131t\u0131m \u00e7\u00f6z\u00fcm\u00fc ar\u0131yorsan\u0131z, do\u011fru yerdesiniz. Is\u0131bor olarak, %100 yerli ve bor bazl\u0131 sa\u011fl\u0131kl\u0131 malzemelerle ger\u00e7ekle\u015ftirdi\u011fimiz \u0131s\u0131, ses ve yang\u0131n yal\u0131t\u0131m\u0131 uygulamalar\u0131m\u0131zla size en uygun \u00e7\u00f6z\u00fcmleri sunuyoruz.<\/p>\t\t\t\t<\/div>\n\t\t\t\t<\/div>\n\t\t\t\t<div class=\"elementor-element elementor-element-3934520 custom-form-style-1 elementor-widget elementor-widget-porto_contact_form\" data-id=\"3934520\" data-element_type=\"widget\" data-widget_type=\"porto_contact_form.default\">\n\t\t\t\t<div class=\"elementor-widget-container\">\n\t\t\t\t\t\n<div class=\"wpcf7 no-js\" id=\"wpcf7-f475-o1\" lang=\"en-US\" dir=\"ltr\" data-wpcf7-id=\"475\">\n<div class=\"screen-reader-response\"><p role=\"status\" aria-live=\"polite\" aria-atomic=\"true\"><\/p> <ul><\/ul><\/div>\n<form action=\"\/index.php\/wp-json\/wp\/v2\/pages\/24#wpcf7-f475-o1\" method=\"post\" class=\"wpcf7-form init\" aria-label=\"Contact form\" novalidate=\"novalidate\" data-status=\"init\">\n<fieldset class=\"hidden-fields-container\"><input type=\"hidden\" name=\"_wpcf7\" value=\"475\" \/><input type=\"hidden\" name=\"_wpcf7_version\" value=\"6.1.3\" \/><input type=\"hidden\" name=\"_wpcf7_locale\" value=\"en_US\" \/><input type=\"hidden\" name=\"_wpcf7_unit_tag\" value=\"wpcf7-f475-o1\" \/><input type=\"hidden\" name=\"_wpcf7_container_post\" value=\"0\" \/><input type=\"hidden\" name=\"_wpcf7_posted_data_hash\" value=\"\" \/>\n<\/fieldset>\n<div class=\"form-row\">\n    <div class=\"col\">\n        <h2 class=\"text-color-dark font-weight-bold text-4-5 mb-3\">Bilgilerinizi Doldurun:<\/h2><\/div>\n<\/div>\n<div class=\"form-row\">\n    <div class=\"form-group col-md-6 mb-3\">\n        <span class=\"wpcf7-form-control-wrap\" data-name=\"text-844\"><input size=\"40\" maxlength=\"400\" class=\"wpcf7-form-control wpcf7-text wpcf7-validates-as-required form-control\" id=\"firstName\" aria-required=\"true\" aria-invalid=\"false\" placeholder=\"Ad\u0131n\u0131z\" value=\"\" type=\"text\" name=\"text-844\" \/><\/span>\n    <\/div>\n    <div class=\"form-group col-md-6 mb-3\">\n        <span class=\"wpcf7-form-control-wrap\" data-name=\"text-375\"><input size=\"40\" maxlength=\"400\" class=\"wpcf7-form-control wpcf7-text wpcf7-validates-as-required form-control\" id=\"lastName\" aria-required=\"true\" aria-invalid=\"false\" placeholder=\"Soyad\u0131n\u0131z\" value=\"\" type=\"text\" name=\"text-375\" \/><\/span>\n    <\/div>\n<\/div>\n<div class=\"form-row mb-3\">\n   <div class=\"form-group col-md-6 mb-3\">\n      <span class=\"wpcf7-form-control-wrap\" data-name=\"email-63\"><input size=\"40\" maxlength=\"400\" class=\"wpcf7-form-control wpcf7-email wpcf7-validates-as-required wpcf7-text wpcf7-validates-as-email form-control\" id=\"email\" aria-required=\"true\" aria-invalid=\"false\" placeholder=\"E-Posta Adresiniz\" value=\"\" type=\"email\" name=\"email-63\" \/><\/span>\n   <\/div>\n<\/div>\n\n<div class=\"form-row\">\n    <div class=\"col\">\n        <h2 class=\"text-color-dark font-weight-bold text-4-5 mb-3\">Mesaj\u0131n\u0131z:<\/h2><\/div>\n<\/div>\n<div class=\"form-row mb-3\">\n    <div class=\"form-group col\">\n        <span class=\"wpcf7-form-control-wrap\" data-name=\"textarea-755\"><textarea cols=\"40\" rows=\"10\" maxlength=\"2000\" class=\"wpcf7-form-control wpcf7-textarea wpcf7-validates-as-required form-control\" id=\"reason\" aria-required=\"true\" aria-invalid=\"false\" name=\"textarea-755\"><\/textarea><\/span>\n    <\/div>\n\n    <\/div>\n<\/div>\n\n<div class=\"form-row\">\n  <div class=\"form-group col mb-0\">\n    <div class=\"vc_btn3-container  custom-btn-arrow mb-0 vc_btn3-inline\">\n\t<button class=\"vc_btn3 vc_btn3-shape-rounded vc_btn3-icon-right font-weight-bold btn btn-full-rounded btn-md btn-primary font-size-md py-3 px-5\">G\u00d6NDER\u0130N<i class=\"vc_btn3-icon fas fa-long-arrow-alt-right\"><\/i><\/button>\n\t<\/div>\n   <\/div>\n<\/div><div class=\"wpcf7-response-output\" aria-hidden=\"true\"><\/div>\n<\/form>\n<\/div>\n\t\t\t\t<\/div>\n\t\t\t\t<\/div>\n\t\t\t\t\t<\/div>\r\n\t\t\t\t<\/div>\r\n\t\t\t\t\t<\/div>\r\n\t\t\t\t<\/section>\r\n\t\t\t\t<\/div>\n\t\t","protected":false},"excerpt":{"rendered":"<p>Is\u0131bor Yal\u0131t\u0131m Uygulaman\u0131z i\u00e7in Hemen Teklif Al\u0131n! Enerji maliyetlerinizi d\u00fc\u015f\u00fcrmek, ya\u015fam alanlar\u0131n\u0131z\u0131 daha konforlu hale getirmek ve uzun \u00f6m\u00fcrl\u00fc bir yal\u0131t\u0131m \u00e7\u00f6z\u00fcm\u00fc ar\u0131yorsan\u0131z, do\u011fru yerdesiniz. Is\u0131bor olarak, %100 yerli ve bor bazl\u0131 sa\u011fl\u0131kl\u0131 malzemelerle ger\u00e7ekle\u015ftirdi\u011fimiz \u0131s\u0131, ses ve yang\u0131n yal\u0131t\u0131m\u0131 uygulamalar\u0131m\u0131zla size en uygun \u00e7\u00f6z\u00fcmleri sunuyoruz. Bilgilerinizi Doldurun: Mesaj\u0131n\u0131z: G\u00d6NDER\u0130N<\/p>\n","protected":false},"author":1,"featured_media":0,"parent":0,"menu_order":0,"comment_status":"closed","ping_status":"closed","template":"","meta":{"_monsterinsights_skip_tracking":false,"_monsterinsights_sitenote_active":false,"_monsterinsights_sitenote_note":"","_monsterinsights_sitenote_category":0,"footnotes":""},"class_list":["post-24","page","type-page","status-publish","hentry"],"_links":{"self":[{"href":"https:\/\/isibor.tr\/index.php\/wp-json\/wp\/v2\/pages\/24","targetHints":{"allow":["GET"]}}],"collection":[{"href":"https:\/\/isibor.tr\/index.php\/wp-json\/wp\/v2\/pages"}],"about":[{"href":"https:\/\/isibor.tr\/index.php\/wp-json\/wp\/v2\/types\/page"}],"author":[{"embeddable":true,"href":"https:\/\/isibor.tr\/index.php\/wp-json\/wp\/v2\/users\/1"}],"replies":[{"embeddable":true,"href":"https:\/\/isibor.tr\/index.php\/wp-json\/wp\/v2\/comments?post=24"}],"version-history":[{"count":20,"href":"https:\/\/isibor.tr\/index.php\/wp-json\/wp\/v2\/pages\/24\/revisions"}],"predecessor-version":[{"id":4873,"href":"https:\/\/isibor.tr\/index.php\/wp-json\/wp\/v2\/pages\/24\/revisions\/4873"}],"wp:attachment":[{"href":"https:\/\/isibor.tr\/index.php\/wp-json\/wp\/v2\/media?parent=24"}],"curies":[{"name":"wp","href":"https:\/\/api.w.org\/{rel}","templated":true}]}}